{"id":9396,"date":"2026-02-26T15:35:04","date_gmt":"2026-02-26T14:35:04","guid":{"rendered":"https:\/\/europa.regione.campania.it\/?page_id=9396"},"modified":"2026-02-26T15:35:06","modified_gmt":"2026-02-26T14:35:06","slug":"leuropa-in-campania","status":"publish","type":"page","link":"https:\/\/europa.regione.campania.it\/es\/leuropa-in-campania\/","title":{"rendered":"L&#8217;Europa in Campania"},"content":{"rendered":"<h2 class=\"wp-block-heading has-black-color has-text-color has-link-color wp-elements-8f604377640d2a68a5957ded6bb2289e\"><strong>Centros Europe Direct<\/strong><\/h2>\n\n\n\n<p>Los centros Europe Direct acercan la Uni\u00f3n Europea a sus ciudadanos. Estos centros pueden responder a sus preguntas sobre la UE. Colaboran con los ciudadanos y las partes interesadas para que se sientan m\u00e1s implicados en el proyecto europeo.<\/p>\n\n\n\n<p><strong>Europe Direct Caserta<\/strong><br>Via Onofrio Buccini, 17\/19 \u2013 81100 Caserta<br>+39 0823 1893671<br><a href=\"mailto:info@europedirectcaserta.eu\">info@europedirectcaserta.eu<\/a><br><a href=\"https:\/\/www.europedirectcaserta.eu\/\">https:\/\/www.europedirectcaserta.eu\/<\/a><\/p>\n\n\n\n<p><strong>Europa Directo Pa\u00edses Vesuvianos<\/strong><br>Via Guglielmo Marconi, 72 \u2013 80046 San Giorgio a Cremano<br><a href=\"mailto:lucacoppola84@gmail.com\">lucacoppola84@gmail.com<\/a><\/p>\n\n\n\n<p><strong>Europe Direct N\u00e1poles<\/strong><br>Piazza Cavour, 38 \u2013 80137 N\u00e1poles<br>+39 081 7956535<br><a href=\"mailto:europedirect@comune.napoli.it\">europedirect@comune.napoli.it<\/a><br><a href=\"http:\/\/www.comune.napoli.it\/europedirect\">http:\/\/www.comune.napoli.it\/europedirect<\/a><\/p>\n\n\n\n<p><strong>Europe Direct Salerno<\/strong><br>c\/o Palazzo Sant\u2019Agostino \u2013 84121 Salerno<br>+39 089 614369<br><a href=\"mailto:centro@europedirectsalerno.it\">centro@europedirectsalerno.it<\/a><br><a href=\"https:\/\/www.europedirectsalerno.it\">https:\/\/www.europedirectsalerno.it<\/a><\/p>\n\n\n\n<p><\/p>\n\n\n\n<h2 class=\"wp-block-heading\">Eurodesk<\/h2>\n\n\n\n<p>Eurodesk es la red oficial del programa Erasmus+ | Juventud y del Cuerpo Europeo de Solidaridad para la informaci\u00f3n sobre los programas e iniciativas promovidos por las instituciones europeas para los j\u00f3venes.&nbsp;<\/p>\n\n\n\n<p><strong>Centro Eurodesk Mercato San Severino<\/strong><br>Fondazione Casamica | Sportello Europa Giovani Mercato San Severino<br>Via Marino Paglia 27 \u2013 84125 Salerno (IT)<br>+39 347\/9118372<br><a href=\"mailto:mercatosanseverino@eurodesk.eu\">mercatosanseverino@eurodesk.eu<\/a><br><a href=\"https:\/\/www.eurodesk.it\/rete\/punti-locali\/campania\/IT220\">https:\/\/www.eurodesk.it\/rete\/punti-locali\/campania\/IT220<\/a><br><\/p>\n\n\n\n<p><strong>el Centro Eurodesk Salerno<\/strong><br>Essenia UETP srl<br>Via Sabato Visco, 24\/a \u2013 84131 Salerno<br>+39 089 330973<br><a href=\"mailto:salerno@eurodesk.eu\">salerno@eurodesk.eu<\/a><br><a href=\"https:\/\/www.eurodesk.it\/rete\/punti-locali\/campania\/IT249\">https:\/\/www.eurodesk.it\/rete\/punti-locali\/campania\/IT249<\/a><\/p>\n\n\n\n<p><\/p>\n\n\n\n<h2 class=\"wp-block-heading\">Centros de Documentaci\u00f3n Europea<\/h2>\n\n\n\n<p>Los Centros de Documentaci\u00f3n Europea apoyan la educaci\u00f3n y la investigaci\u00f3n sobre la integraci\u00f3n europea. Ofrecen una selecci\u00f3n de documentos sobre asuntos europeos y animan a la comunidad acad\u00e9mica a participar activamente en la situaci\u00f3n actual de la UE y en el debate sobre el futuro de la Uni\u00f3n.<\/p>\n\n\n\n<p><strong>CDE<\/strong> <strong>Universidad de Salerno<\/strong><br>Via Giovanni Paolo II, 132 \u2013 84084 Fisciano<br>+39 089 966393<br><a href=\"mailto:msenatore@unisa.it\">msenatore@unisa.it<\/a><br><a href=\"http:\/\/www.unisa.it\/AREAVII\/portale\/cde\">http:\/\/www.unisa.it\/AREAVII\/portale\/cde<\/a><\/p>\n\n\n\n<p><strong>CDE Escuela Nacional de Administraci\u00f3n Oficina del Primer Ministro<br><\/strong>Viale Douhet 2 \u2013 81100 Caserta<br><a href=\"mailto:ce_cde@sspa.it\">\u00a1Ce_cde@sspa.it!<\/a><br><a href=\"http:\/\/www.sspa.it\/\">http:\/\/www.sspa.it<\/a><\/p>\n\n\n\n<p><\/p>\n\n\n\n<h2 class=\"wp-block-heading\">Puntos de contacto locales Erasmus para j\u00f3venes emprendedores<\/h2>\n\n\n\n<p>Los puntos de contacto locales de Erasmus para J\u00f3venes Emprendedores proporcionan informaci\u00f3n y asistencia a los empresarios interesados en participar en este programa de intercambio empresarial transfronterizo.<\/p>\n\n\n\n<p><\/p>\n\n\n\n<p><strong>Confartigianato Servizi S.r.l.<\/strong><br>Via Michelangelo Testa 11 \u2013 84124 Salerno<br>+39 089 79 94 06<br><a href=\"http:\/\/www.salernoconfartigianato.it\/\">http:\/\/www.salernoconfartigianato.it<\/a><\/p>\n\n\n\n<p><\/p>\n\n\n\n<p><strong>Proyecto Ahead soc. coop. Empresa social<br><\/strong>+39 081 412404<br>Via della Sapienza 18 \u2013 80138 N\u00e1poles<br><a href=\"mailto:segreteria@pja2001.eu\">segreteria@pja2001.eu<\/a><br><a href=\"http:\/\/www.pja2001.eu\/\">http:\/\/www.pja2001.eu<\/a><\/p>\n\n\n\n<p><\/p>\n\n\n\n<h2 class=\"wp-block-heading\">Red Europea para las Empresas<\/h2>\n\n\n\n<p>Enterprise Europe Network ofrece servicios gratuitos a las empresas para ayudarlas a innovar y crecer a nivel internacional. Es la red de apoyo m\u00e1s grande del mundo para peque\u00f1as y medianas empresas (PYME) con ambiciones internacionales.<\/p>\n\n\n\n<p><strong>Agencia Nacional de Nuevas Tecnolog\u00edas, Energ\u00eda y Desarrollo Econ\u00f3mico Sostenible<br><\/strong>+39 081 7723228<br>Piazza Enrico Fermi 1 \u2013 80055 Portici<br><a href=\"https:\/\/een.portici.enea.it\">https:\/\/een.portici.enea.it<\/a><a href=\"\"><\/a><\/p>\n\n\n\n<p><strong>S.I. Enterprise (Empresa de Servicios Integrados)<br><\/strong>Via Sant\u2019Aspreno 2 \u2013 80133 N\u00e1poles<br>+39 081 7607105<br><a href=\"mailto:internazionalizzazione@si-impresa.na.camcom.it\">internazionalizzazione@si-impresa.na.camcom.it<\/a><br><a href=\"http:\/\/www.siimpresana.it\/\">http:\/\/www.siimpresana.it\/<\/a><\/p>\n\n\n\n<p><strong>Unioncamere Campania<\/strong><br>Via Giovanni Porzio, 4 \u2013 Centro Direzionale Isola G8 \u2013 80143 N\u00e1poles<br>+39 081 4109123<br><a href=\"mailto:info@cam.camcom.it\">info@cam.camcom.it<\/a><br><a href=\"http:\/\/www.unioncamere.campania.it\/\">http:\/\/www.unioncamere.campania.it<\/a><\/p>\n\n\n\n<p><\/p>\n\n\n\n<h2 class=\"wp-block-heading\"><strong>Otras instituciones y agencias de la UE en Italia<\/strong><\/h2>\n\n\n\n<p>Las instituciones europeas no est\u00e1n solo en Bruselas, lejos de los ciudadanos: Las instituciones y agencias de la UE est\u00e1n alojadas en los pa\u00edses miembros. En Italia, adem\u00e1s de la Representaci\u00f3n de la Comisi\u00f3n Europea, existen:<\/p>\n\n\n\n<p>El Instituto Universitario Europeo de Fiesole (Florencia): Su objetivo es fomentar el progreso del aprendizaje en \u00e1mbitos de especial inter\u00e9s para el desarrollo europeo. El Instituto ofrece importantes programas de doctorado (econom\u00eda, derecho, ciencias pol\u00edticas, etc.), posdoctorado y m\u00e1ster en Derecho, y alberga parte de los Archivos Hist\u00f3ricos de la UE. Sitio web:\u00a0<a href=\"http:\/\/www.eui.eu\/\">www.eui.eu<\/a><\/p>\n\n\n\n<p>\u00a0la Oficina de Informaci\u00f3n del Parlamento Europeo (oficinas de Roma y Mil\u00e1n): Su principal tarea es informar a los ciudadanos sobre las actividades del Parlamento Europeo y sus diputados, facilitando los contactos entre los ciudadanos y su Asamblea elegida. Sitio web:\u00a0<a href=\"http:\/\/www.europarl.it\/\">www.europarl.it<\/a><\/p>\n\n\n\n<p>la Delegaci\u00f3n de la Uni\u00f3n Europea ante la Santa Sede, la Orden de Malta y las organizaciones de las Naciones Unidas en Roma: Desde 1993, ha estado trabajando principalmente en el campo de la alimentaci\u00f3n y la agricultura, vinculando su sede en Bruselas, los 27 pa\u00edses de la UE y los tres organismos especializados de las Naciones Unidas en Roma (FAO, FIDA y PMA). Sitio web:\u00a0<a href=\"http:\/\/eeas.europa.eu\/delegations\/rome\">eeas.europa.eu\/delegations\/rome<\/a><\/p>\n\n\n\n<p>el Centro Com\u00fan de Investigaci\u00f3n (CCI) de Ispra (Varese): Sus actividades van desde el establecimiento de normas de seguridad alimentaria hasta la investigaci\u00f3n de nuevas tecnolog\u00edas energ\u00e9ticas y la evaluaci\u00f3n de opciones pol\u00edticas, como las relativas al cambio clim\u00e1tico. Sitio web:\u00a0<a href=\"http:\/\/ec.europa.eu\/dgs\/jrc\">ec.europa.eu\/dgs\/jrc<\/a><\/p>\n\n\n\n<p>el Banco Europeo de Inversiones: concede pr\u00e9stamos a largo plazo a los sectores p\u00fablico y privado para financiar proyectos de inversi\u00f3n de capital de especial inter\u00e9s para la Uni\u00f3n Europea. La oficina de Roma existe desde 1968 y ha ayudado a fortalecer la relaci\u00f3n con los clientes en Italia. Sitio web:\u00a0<a href=\"http:\/\/www.eib.org\/\">www.eib.org<\/a><\/p>\n\n\n\n<p>La Autoridad Europea de Seguridad Alimentaria, en Parma: Se estableci\u00f3 como una fuente independiente de asesoramiento cient\u00edfico y comunicaci\u00f3n sobre los riesgos asociados a la cadena alimentaria. Sitio web:\u00a0<a href=\"http:\/\/www.efsa.europa.eu\/\">www.efsa.europa.eu<\/a><\/p>\n\n\n\n<p>La Fundaci\u00f3n Europea de Formaci\u00f3n, en Tur\u00edn: apoya la reforma de los sistemas de educaci\u00f3n y formaci\u00f3n en regiones vecinas como los Balcanes, el norte de \u00c1frica, Oriente Pr\u00f3ximo y la antigua Uni\u00f3n Sovi\u00e9tica y ayuda a algunos de estos pa\u00edses a desarrollar las capacidades y los conocimientos de los ciudadanos para promover mejores condiciones de vida, una ciudadan\u00eda activa y la consolidaci\u00f3n de las sociedades democr\u00e1ticas. Sitio web:\u00a0<a href=\"http:\/\/www.etf.europa.eu\/\">www.etf.europa.eu<\/a><\/p>","protected":false},"excerpt":{"rendered":"<p>Centri Europe Direct I centri Europe Direct avvicinano l&#8217;Unione europea ai cittadini sul territorio. Questi&#8230;<\/p>","protected":false},"author":2,"featured_media":0,"parent":0,"menu_order":0,"comment_status":"closed","ping_status":"closed","template":"","meta":{"ngg_post_thumbnail":0,"footnotes":""},"class_list":["post-9396","page","type-page","status-publish"],"yoast_head":"<!-- This site is optimized with the Yoast SEO plugin v27.4 - https:\/\/yoast.com\/product\/yoast-seo-wordpress\/ -->\n<title>L&#039;Europa in Campania - Europa Campania<\/title>\n<meta name=\"robots\" content=\"index, follow, max-snippet:-1, max-image-preview:large, max-video-preview:-1\" \/>\n<link rel=\"canonical\" href=\"https:\/\/europa.regione.campania.it\/es\/leuropa-in-campania\/\" \/>\n<meta property=\"og:locale\" content=\"es_ES\" \/>\n<meta property=\"og:type\" content=\"article\" \/>\n<meta property=\"og:title\" content=\"L&#039;Europa in Campania - Europa Campania\" \/>\n<meta property=\"og:description\" content=\"Centri Europe Direct I centri Europe Direct avvicinano l&#8217;Unione europea ai cittadini sul territorio. Questi...\" \/>\n<meta property=\"og:url\" content=\"https:\/\/europa.regione.campania.it\/es\/leuropa-in-campania\/\" \/>\n<meta property=\"og:site_name\" content=\"Europa Campania\" \/>\n<meta property=\"article:modified_time\" content=\"2026-02-26T14:35:06+00:00\" \/>\n<meta name=\"twitter:card\" content=\"summary_large_image\" \/>\n<meta name=\"twitter:label1\" content=\"Tiempo de lectura\" \/>\n\t<meta name=\"twitter:data1\" content=\"5 minutos\" \/>\n<script type=\"application\/ld+json\" class=\"yoast-schema-graph\">{\"@context\":\"https:\\\/\\\/schema.org\",\"@graph\":[{\"@type\":\"WebPage\",\"@id\":\"https:\\\/\\\/europa.regione.campania.it\\\/leuropa-in-campania\\\/\",\"url\":\"https:\\\/\\\/europa.regione.campania.it\\\/leuropa-in-campania\\\/\",\"name\":\"L'Europa in Campania - Europa Campania\",\"isPartOf\":{\"@id\":\"https:\\\/\\\/europa.regione.campania.it\\\/#website\"},\"datePublished\":\"2026-02-26T14:35:04+00:00\",\"dateModified\":\"2026-02-26T14:35:06+00:00\",\"breadcrumb\":{\"@id\":\"https:\\\/\\\/europa.regione.campania.it\\\/leuropa-in-campania\\\/#breadcrumb\"},\"inLanguage\":\"es\",\"potentialAction\":[{\"@type\":\"ReadAction\",\"target\":[\"https:\\\/\\\/europa.regione.campania.it\\\/leuropa-in-campania\\\/\"]}]},{\"@type\":\"BreadcrumbList\",\"@id\":\"https:\\\/\\\/europa.regione.campania.it\\\/leuropa-in-campania\\\/#breadcrumb\",\"itemListElement\":[{\"@type\":\"ListItem\",\"position\":1,\"name\":\"Home\",\"item\":\"https:\\\/\\\/europa.regione.campania.it\\\/\"},{\"@type\":\"ListItem\",\"position\":2,\"name\":\"L&#8217;Europa in Campania\"}]},{\"@type\":\"WebSite\",\"@id\":\"https:\\\/\\\/europa.regione.campania.it\\\/#website\",\"url\":\"https:\\\/\\\/europa.regione.campania.it\\\/\",\"name\":\"Europa Campania\",\"description\":\"Il portale della Coesione in Campania\",\"potentialAction\":[{\"@type\":\"SearchAction\",\"target\":{\"@type\":\"EntryPoint\",\"urlTemplate\":\"https:\\\/\\\/europa.regione.campania.it\\\/?s={search_term_string}\"},\"query-input\":{\"@type\":\"PropertyValueSpecification\",\"valueRequired\":true,\"valueName\":\"search_term_string\"}}],\"inLanguage\":\"es\"}]}<\/script>\n<!-- \/ Yoast SEO plugin. -->","yoast_head_json":{"title":"L'Europa in Campania - Europa Campania","robots":{"index":"index","follow":"follow","max-snippet":"max-snippet:-1","max-image-preview":"max-image-preview:large","max-video-preview":"max-video-preview:-1"},"canonical":"https:\/\/europa.regione.campania.it\/es\/leuropa-in-campania\/","og_locale":"es_ES","og_type":"article","og_title":"L'Europa in Campania - Europa Campania","og_description":"Centri Europe Direct I centri Europe Direct avvicinano l&#8217;Unione europea ai cittadini sul territorio. Questi...","og_url":"https:\/\/europa.regione.campania.it\/es\/leuropa-in-campania\/","og_site_name":"Europa Campania","article_modified_time":"2026-02-26T14:35:06+00:00","twitter_card":"summary_large_image","twitter_misc":{"Tiempo de lectura":"5 minutos"},"schema":{"@context":"https:\/\/schema.org","@graph":[{"@type":"WebPage","@id":"https:\/\/europa.regione.campania.it\/leuropa-in-campania\/","url":"https:\/\/europa.regione.campania.it\/leuropa-in-campania\/","name":"L'Europa in Campania - Europa Campania","isPartOf":{"@id":"https:\/\/europa.regione.campania.it\/#website"},"datePublished":"2026-02-26T14:35:04+00:00","dateModified":"2026-02-26T14:35:06+00:00","breadcrumb":{"@id":"https:\/\/europa.regione.campania.it\/leuropa-in-campania\/#breadcrumb"},"inLanguage":"es","potentialAction":[{"@type":"ReadAction","target":["https:\/\/europa.regione.campania.it\/leuropa-in-campania\/"]}]},{"@type":"BreadcrumbList","@id":"https:\/\/europa.regione.campania.it\/leuropa-in-campania\/#breadcrumb","itemListElement":[{"@type":"ListItem","position":1,"name":"Home","item":"https:\/\/europa.regione.campania.it\/"},{"@type":"ListItem","position":2,"name":"L&#8217;Europa in Campania"}]},{"@type":"WebSite","@id":"https:\/\/europa.regione.campania.it\/#website","url":"https:\/\/europa.regione.campania.it\/","name":"Europa Campania","description":"Il portale della Coesione in Campania","potentialAction":[{"@type":"SearchAction","target":{"@type":"EntryPoint","urlTemplate":"https:\/\/europa.regione.campania.it\/?s={search_term_string}"},"query-input":{"@type":"PropertyValueSpecification","valueRequired":true,"valueName":"search_term_string"}}],"inLanguage":"es"}]}},"_links":{"self":[{"href":"https:\/\/europa.regione.campania.it\/es\/wp-json\/wp\/v2\/pages\/9396","targetHints":{"allow":["GET"]}}],"collection":[{"href":"https:\/\/europa.regione.campania.it\/es\/wp-json\/wp\/v2\/pages"}],"about":[{"href":"https:\/\/europa.regione.campania.it\/es\/wp-json\/wp\/v2\/types\/page"}],"author":[{"embeddable":true,"href":"https:\/\/europa.regione.campania.it\/es\/wp-json\/wp\/v2\/users\/2"}],"replies":[{"embeddable":true,"href":"https:\/\/europa.regione.campania.it\/es\/wp-json\/wp\/v2\/comments?post=9396"}],"version-history":[{"count":1,"href":"https:\/\/europa.regione.campania.it\/es\/wp-json\/wp\/v2\/pages\/9396\/revisions"}],"predecessor-version":[{"id":9397,"href":"https:\/\/europa.regione.campania.it\/es\/wp-json\/wp\/v2\/pages\/9396\/revisions\/9397"}],"wp:attachment":[{"href":"https:\/\/europa.regione.campania.it\/es\/wp-json\/wp\/v2\/media?parent=9396"}],"curies":[{"name":"wp","href":"https:\/\/api.w.org\/{rel}","templated":true}]}}