{"id":9396,"date":"2026-02-26T15:35:04","date_gmt":"2026-02-26T14:35:04","guid":{"rendered":"https:\/\/europa.regione.campania.it\/?page_id=9396"},"modified":"2026-02-26T15:35:06","modified_gmt":"2026-02-26T14:35:06","slug":"leuropa-in-campania","status":"publish","type":"page","link":"https:\/\/europa.regione.campania.it\/fr\/leuropa-in-campania\/","title":{"rendered":"L'Europe en Campanie"},"content":{"rendered":"<h2 class=\"wp-block-heading has-black-color has-text-color has-link-color wp-elements-8f604377640d2a68a5957ded6bb2289e\"><strong>Centres Europe Direct<\/strong><\/h2>\n\n\n\n<p>Les centres Europe Direct rapprochent l'Union europ\u00e9enne de ses citoyens. Ces centres peuvent r\u00e9pondre \u00e0 vos questions sur l'UE. Ils dialoguent avec les citoyens et les parties prenantes pour les faire se sentir plus impliqu\u00e9s dans le projet europ\u00e9en.<\/p>\n\n\n\n<p><strong>Europe Direct Caserta<\/strong><br>Via Onofrio Buccini, 17\/19 \u2013 81100 Caserta<br>+39 0823 1893671<br><a href=\"mailto:info@europedirectcaserta.eu\">info@europedirectcaserta.eu<\/a><br><a href=\"https:\/\/www.europedirectcaserta.eu\/\">https:\/\/www.europedirectcaserta.eu\/<\/a><\/p>\n\n\n\n<p><strong>Europe Direct Pays v\u00e9suves<\/strong><br>Via Guglielmo Marconi, 72 \u2013 80046 San Giorgio a Cremano<br><a href=\"mailto:lucacoppola84@gmail.com\">lucacoppola84@gmail.com<\/a><\/p>\n\n\n\n<p><strong>Europe Direct Naples<\/strong><br>Piazza Cavour, 38 \u2013 80137 Naples<br>+39 081 7956535<br><a href=\"mailto:europedirect@comune.napoli.it\">europedirect@comune.napoli.it<\/a><br><a href=\"http:\/\/www.comune.napoli.it\/europedirect\">http:\/\/www.comune.napoli.it\/europedirect<\/a><\/p>\n\n\n\n<p><strong>Europe Direct \u00e0 Salerne<\/strong><br>c\/o Palazzo Sant\u2019Agostino \u2013 84121 Salerno<br>+39 089 614369<br><a href=\"mailto:centro@europedirectsalerno.it\">centro@europedirectsalerno.it<\/a><br><a href=\"https:\/\/www.europedirectsalerno.it\">https:\/\/www.europedirectsalerno.it<\/a><\/p>\n\n\n\n<p><\/p>\n\n\n\n<h2 class=\"wp-block-heading\">Eurodesk<\/h2>\n\n\n\n<p>Eurodesk est le r\u00e9seau officiel du programme Erasmus+ | Jeunesse et du corps europ\u00e9en de solidarit\u00e9 pour l'information sur les programmes et initiatives promus par les institutions europ\u00e9ennes en faveur des jeunes.&nbsp;<\/p>\n\n\n\n<p><strong>Centre Eurodesk Mercato San Severino<\/strong><br>\u00ab Fondazione Casamica | Sportello Europa Giovani Mercato San Severino \u00bb<br>Via Marino Paglia 27 \u2013 84125 Salerno (IT)<br>+39 347\/9118372<br><a href=\"mailto:mercatosanseverino@eurodesk.eu\">mercatosanseverino@eurodesk.eu<\/a><br><a href=\"https:\/\/www.eurodesk.it\/rete\/punti-locali\/campania\/IT220\">https:\/\/www.eurodesk.it\/rete\/punti-locali\/campania\/IT220<\/a><br><\/p>\n\n\n\n<p><strong>le Centre Eurodesk Salerne<\/strong><br>Essenia AUEF srl<br>Via Sabato Visco, 24\/a \u2013 84131 Salerne<br>+39 089 330973<br><a href=\"mailto:salerno@eurodesk.eu\">salerno@eurodesk.eu<\/a><br><a href=\"https:\/\/www.eurodesk.it\/rete\/punti-locali\/campania\/IT249\">https:\/\/www.eurodesk.it\/rete\/punti-locali\/campania\/IT249<\/a><\/p>\n\n\n\n<p><\/p>\n\n\n\n<h2 class=\"wp-block-heading\">Centres de documentation europ\u00e9enne<\/h2>\n\n\n\n<p>Les centres de documentation europ\u00e9enne soutiennent l'\u00e9ducation et la recherche sur l'int\u00e9gration europ\u00e9enne. Ils fournissent une s\u00e9lection de documents sur les affaires europ\u00e9ennes et encouragent la communaut\u00e9 universitaire \u00e0 participer activement \u00e0 la situation actuelle de l'UE et au d\u00e9bat sur l'avenir de l'Union.<\/p>\n\n\n\n<p><strong>CDE<\/strong> <strong>Universit\u00e9 de Salerne<\/strong><br>Via Giovanni Paolo II, 132 \u2013 84084 Fisciano<br>+39 089 966393<br><a href=\"mailto:msenatore@unisa.it\">msenatore@unisa.it<\/a><br><a href=\"http:\/\/www.unisa.it\/AREAVII\/portale\/cde\">http:\/\/www.unisa.it\/AREAVII\/portale\/cde<\/a><\/p>\n\n\n\n<p><strong>CDE \u00c9cole nationale d\u2019administration Cabinet du Premier ministre<br><\/strong>Viale Douhet 2 \u2013 81100 Caserta<br><a href=\"mailto:ce_cde@sspa.it\">ce_cde@sspa.it<\/a><br><a href=\"http:\/\/www.sspa.it\/\">http:\/\/www.sspa.it<\/a><\/p>\n\n\n\n<p><\/p>\n\n\n\n<h2 class=\"wp-block-heading\">Points de contact locaux Erasmus pour les jeunes entrepreneurs<\/h2>\n\n\n\n<p>Les points de contact locaux Erasmus pour jeunes entrepreneurs fournissent des informations et une assistance aux entrepreneurs souhaitant participer \u00e0 ce programme d\u2019\u00e9changes d\u2019entreprises transfrontaliers.<\/p>\n\n\n\n<p><\/p>\n\n\n\n<p><strong>Confartigianato Servizi S.r.l.<\/strong><br>Via Michelangelo Testa 11 \u2013 84124 Salerne<br>+39 089 79 94 06<br><a href=\"http:\/\/www.salernoconfartigianato.it\/\">http:\/\/www.salernoconfartigianato.it<\/a><\/p>\n\n\n\n<p><\/p>\n\n\n\n<p><strong>Projet Ahead soc. coop. Entreprise sociale<br><\/strong>+39 081 412404<br>Via della Sapienza 18 \u2013 80138 Naples<br><a href=\"mailto:segreteria@pja2001.eu\">segreteria@pja2001.eu<\/a><br><a href=\"http:\/\/www.pja2001.eu\/\">http:\/\/www.pja2001.eu<\/a><\/p>\n\n\n\n<p><\/p>\n\n\n\n<h2 class=\"wp-block-heading\">R\u00e9seau Entreprise Europe<\/h2>\n\n\n\n<p>Le r\u00e9seau Enterprise Europe Network fournit des services gratuits aux entreprises pour les aider \u00e0 innover et \u00e0 se d\u00e9velopper \u00e0 l\u2019\u00e9chelle internationale. Il s'agit du plus grand r\u00e9seau de soutien au monde pour les petites et moyennes entreprises (PME) aux ambitions internationales.<\/p>\n\n\n\n<p><strong>Agence nationale des nouvelles technologies, de l'\u00e9nergie et du d\u00e9veloppement \u00e9conomique durable<br><\/strong>+39 081 7723228<br>Piazza Enrico Fermi 1 \u2013 80055 Portici<br><a href=\"https:\/\/een.portici.enea.it\">https:\/\/een.portici.enea.it<\/a><a href=\"\"><\/a><\/p>\n\n\n\n<p><strong>S.I. Enterprise (Entreprise de services int\u00e9gr\u00e9s)<br><\/strong>Via Sant\u2019Aspreno 2 \u2013 80133 Naples<br>+39 081 7607105<br><a href=\"mailto:internazionalizzazione@si-impresa.na.camcom.it\">internazionalizzazione@si-impresa.na.camcom.it<\/a><br><a href=\"http:\/\/www.siimpresana.it\/\">http:\/\/www.siimpresana.it\/<\/a><\/p>\n\n\n\n<p><strong>Unioncamere Campanie<\/strong><br>Via Giovanni Porzio, 4 \u2013 Centro Direzionale Isola G8 \u2013 80143 Naples<br>+39 081 4109123<br><a href=\"mailto:info@cam.camcom.it\">info@cam.camcom.it<\/a><br><a href=\"http:\/\/www.unioncamere.campania.it\/\">http:\/\/www.unioncamere.campania.it<\/a><\/p>\n\n\n\n<p><\/p>\n\n\n\n<h2 class=\"wp-block-heading\"><strong>Autres institutions et agences de l\u2019UE en Italie<\/strong><\/h2>\n\n\n\n<p>Les institutions europ\u00e9ennes ne sont pas seulement \u00e0 Bruxelles, loin des citoyens: Les institutions et agences de l'UE sont h\u00e9berg\u00e9es dans les pays membres. En Italie, outre la repr\u00e9sentation de la Commission europ\u00e9enne, il existe:<\/p>\n\n\n\n<p>Institut universitaire europ\u00e9en de Fiesole (Florence): Son objectif est d'encourager le progr\u00e8s de l'apprentissage dans des domaines pr\u00e9sentant un int\u00e9r\u00eat particulier pour le d\u00e9veloppement europ\u00e9en. L\u2019Institut propose d\u2019importants programmes de doctorat (\u00e9conomie, droit, sciences politiques, etc.), de post-doctorat et de master en droit, et h\u00e9berge une partie des archives historiques de l\u2019UE. Site web:\u00a0<a href=\"http:\/\/www.eui.eu\/\">www.eui.eu<\/a><\/p>\n\n\n\n<p>\u00a0le bureau d\u2019information du Parlement europ\u00e9en (bureaux de Rome et de Milan): Sa mission principale est d\u2019informer les citoyens sur les activit\u00e9s du Parlement europ\u00e9en et de ses d\u00e9put\u00e9s, en facilitant les contacts entre les citoyens et leur assembl\u00e9e \u00e9lue. Site web:\u00a0<a href=\"http:\/\/www.europarl.it\/\">www.europarl.it<\/a><\/p>\n\n\n\n<p>la d\u00e9l\u00e9gation de l\u2019Union europ\u00e9enne aupr\u00e8s du Saint-Si\u00e8ge, de l\u2019Ordre de Malte et des organisations des Nations unies \u00e0 Rome: Depuis 1993, elle travaille principalement dans le domaine de l'alimentation et de l'agriculture, reliant son si\u00e8ge \u00e0 Bruxelles, les 27 pays de l'UE et les trois agences sp\u00e9cialis\u00e9es des Nations unies \u00e0 Rome (FAO, FIDA et PAM). Site web:\u00a0<a href=\"http:\/\/eeas.europa.eu\/delegations\/rome\">eeas.europa.eu\/delegations\/rome<\/a><\/p>\n\n\n\n<p>le Centre commun de recherche (CCR) \u00e0 Ispra (Varese): Ses activit\u00e9s vont de l'\u00e9tablissement de normes de s\u00e9curit\u00e9 alimentaire \u00e0 la recherche de nouvelles technologies \u00e9nerg\u00e9tiques, en passant par l'\u00e9valuation d'options politiques, telles que le changement climatique. Site web:\u00a0<a href=\"http:\/\/ec.europa.eu\/dgs\/jrc\">ec.europa.eu\/dgs\/jrc<\/a><\/p>\n\n\n\n<p>la Banque europ\u00e9enne d'investissement: accorde des pr\u00eats \u00e0 long terme aux secteurs public et priv\u00e9 pour financer des projets d'investissement pr\u00e9sentant un int\u00e9r\u00eat particulier pour l'Union europ\u00e9enne. Le bureau de Rome existe depuis 1968 et a contribu\u00e9 \u00e0 renforcer la relation avec les clients en Italie. Site web:\u00a0<a href=\"http:\/\/www.eib.org\/\">www.eib.org<\/a><\/p>\n\n\n\n<p>L\u2019Autorit\u00e9 europ\u00e9enne de s\u00e9curit\u00e9 des aliments, \u00e0 Parme: Il a \u00e9t\u00e9 \u00e9tabli comme une source ind\u00e9pendante d'avis scientifiques et de communication sur les risques associ\u00e9s \u00e0 la cha\u00eene alimentaire. Site web:\u00a0<a href=\"http:\/\/www.efsa.europa.eu\/\">www.efsa.europa.eu<\/a><\/p>\n\n\n\n<p>La Fondation europ\u00e9enne pour la formation, \u00e0 Turin: soutient la r\u00e9forme des syst\u00e8mes d\u2019\u00e9ducation et de formation dans les r\u00e9gions voisines telles que les Balkans, l\u2019Afrique du Nord, le Moyen-Orient et l\u2019ancienne Union sovi\u00e9tique et aide certains de ces pays \u00e0 d\u00e9velopper les comp\u00e9tences et les connaissances des citoyens afin de promouvoir de meilleures conditions de vie, une citoyennet\u00e9 active et la consolidation de soci\u00e9t\u00e9s d\u00e9mocratiques. Site web:\u00a0<a href=\"http:\/\/www.etf.europa.eu\/\">www.etf.europa.eu<\/a><\/p>","protected":false},"excerpt":{"rendered":"<p>Centri Europe Direct I centri Europe Direct avvicinano l&#8217;Unione europea ai cittadini sul territorio. Questi&#8230;<\/p>","protected":false},"author":2,"featured_media":0,"parent":0,"menu_order":0,"comment_status":"closed","ping_status":"closed","template":"","meta":{"ngg_post_thumbnail":0,"footnotes":""},"class_list":["post-9396","page","type-page","status-publish"],"yoast_head":"<!-- This site is optimized with the Yoast SEO plugin v27.5 - https:\/\/yoast.com\/product\/yoast-seo-wordpress\/ -->\n<title>L&#039;Europa in Campania - Europa Campania<\/title>\n<meta name=\"robots\" content=\"index, follow, max-snippet:-1, max-image-preview:large, max-video-preview:-1\" \/>\n<link rel=\"canonical\" href=\"https:\/\/europa.regione.campania.it\/fr\/leuropa-in-campania\/\" \/>\n<meta property=\"og:locale\" content=\"fr_FR\" \/>\n<meta property=\"og:type\" content=\"article\" \/>\n<meta property=\"og:title\" content=\"L&#039;Europa in Campania - Europa Campania\" \/>\n<meta property=\"og:description\" content=\"Centri Europe Direct I centri Europe Direct avvicinano l&#8217;Unione europea ai cittadini sul territorio. Questi...\" \/>\n<meta property=\"og:url\" content=\"https:\/\/europa.regione.campania.it\/fr\/leuropa-in-campania\/\" \/>\n<meta property=\"og:site_name\" content=\"Europa Campania\" \/>\n<meta property=\"article:modified_time\" content=\"2026-02-26T14:35:06+00:00\" \/>\n<meta name=\"twitter:card\" content=\"summary_large_image\" \/>\n<meta name=\"twitter:label1\" content=\"Dur\u00e9e de lecture estim\u00e9e\" \/>\n\t<meta name=\"twitter:data1\" content=\"5 minutes\" \/>\n<script type=\"application\/ld+json\" class=\"yoast-schema-graph\">{\"@context\":\"https:\\\/\\\/schema.org\",\"@graph\":[{\"@type\":\"WebPage\",\"@id\":\"https:\\\/\\\/europa.regione.campania.it\\\/leuropa-in-campania\\\/\",\"url\":\"https:\\\/\\\/europa.regione.campania.it\\\/leuropa-in-campania\\\/\",\"name\":\"L'Europa in Campania - Europa Campania\",\"isPartOf\":{\"@id\":\"https:\\\/\\\/europa.regione.campania.it\\\/#website\"},\"datePublished\":\"2026-02-26T14:35:04+00:00\",\"dateModified\":\"2026-02-26T14:35:06+00:00\",\"breadcrumb\":{\"@id\":\"https:\\\/\\\/europa.regione.campania.it\\\/leuropa-in-campania\\\/#breadcrumb\"},\"inLanguage\":\"fr-FR\",\"potentialAction\":[{\"@type\":\"ReadAction\",\"target\":[\"https:\\\/\\\/europa.regione.campania.it\\\/leuropa-in-campania\\\/\"]}]},{\"@type\":\"BreadcrumbList\",\"@id\":\"https:\\\/\\\/europa.regione.campania.it\\\/leuropa-in-campania\\\/#breadcrumb\",\"itemListElement\":[{\"@type\":\"ListItem\",\"position\":1,\"name\":\"Home\",\"item\":\"https:\\\/\\\/europa.regione.campania.it\\\/\"},{\"@type\":\"ListItem\",\"position\":2,\"name\":\"L&#8217;Europa in Campania\"}]},{\"@type\":\"WebSite\",\"@id\":\"https:\\\/\\\/europa.regione.campania.it\\\/#website\",\"url\":\"https:\\\/\\\/europa.regione.campania.it\\\/\",\"name\":\"Europa Campania\",\"description\":\"Il portale della Coesione in Campania\",\"potentialAction\":[{\"@type\":\"SearchAction\",\"target\":{\"@type\":\"EntryPoint\",\"urlTemplate\":\"https:\\\/\\\/europa.regione.campania.it\\\/?s={search_term_string}\"},\"query-input\":{\"@type\":\"PropertyValueSpecification\",\"valueRequired\":true,\"valueName\":\"search_term_string\"}}],\"inLanguage\":\"fr-FR\"}]}<\/script>\n<!-- \/ Yoast SEO plugin. -->","yoast_head_json":{"title":"L'Europa in Campania - Europa Campania","robots":{"index":"index","follow":"follow","max-snippet":"max-snippet:-1","max-image-preview":"max-image-preview:large","max-video-preview":"max-video-preview:-1"},"canonical":"https:\/\/europa.regione.campania.it\/fr\/leuropa-in-campania\/","og_locale":"fr_FR","og_type":"article","og_title":"L'Europa in Campania - Europa Campania","og_description":"Centri Europe Direct I centri Europe Direct avvicinano l&#8217;Unione europea ai cittadini sul territorio. Questi...","og_url":"https:\/\/europa.regione.campania.it\/fr\/leuropa-in-campania\/","og_site_name":"Europa Campania","article_modified_time":"2026-02-26T14:35:06+00:00","twitter_card":"summary_large_image","twitter_misc":{"Dur\u00e9e de lecture estim\u00e9e":"5 minutes"},"schema":{"@context":"https:\/\/schema.org","@graph":[{"@type":"WebPage","@id":"https:\/\/europa.regione.campania.it\/leuropa-in-campania\/","url":"https:\/\/europa.regione.campania.it\/leuropa-in-campania\/","name":"L'Europa in Campania - Europa Campania","isPartOf":{"@id":"https:\/\/europa.regione.campania.it\/#website"},"datePublished":"2026-02-26T14:35:04+00:00","dateModified":"2026-02-26T14:35:06+00:00","breadcrumb":{"@id":"https:\/\/europa.regione.campania.it\/leuropa-in-campania\/#breadcrumb"},"inLanguage":"fr-FR","potentialAction":[{"@type":"ReadAction","target":["https:\/\/europa.regione.campania.it\/leuropa-in-campania\/"]}]},{"@type":"BreadcrumbList","@id":"https:\/\/europa.regione.campania.it\/leuropa-in-campania\/#breadcrumb","itemListElement":[{"@type":"ListItem","position":1,"name":"Home","item":"https:\/\/europa.regione.campania.it\/"},{"@type":"ListItem","position":2,"name":"L&#8217;Europa in Campania"}]},{"@type":"WebSite","@id":"https:\/\/europa.regione.campania.it\/#website","url":"https:\/\/europa.regione.campania.it\/","name":"Europa Campania","description":"Il portale della Coesione in Campania","potentialAction":[{"@type":"SearchAction","target":{"@type":"EntryPoint","urlTemplate":"https:\/\/europa.regione.campania.it\/?s={search_term_string}"},"query-input":{"@type":"PropertyValueSpecification","valueRequired":true,"valueName":"search_term_string"}}],"inLanguage":"fr-FR"}]}},"_links":{"self":[{"href":"https:\/\/europa.regione.campania.it\/fr\/wp-json\/wp\/v2\/pages\/9396","targetHints":{"allow":["GET"]}}],"collection":[{"href":"https:\/\/europa.regione.campania.it\/fr\/wp-json\/wp\/v2\/pages"}],"about":[{"href":"https:\/\/europa.regione.campania.it\/fr\/wp-json\/wp\/v2\/types\/page"}],"author":[{"embeddable":true,"href":"https:\/\/europa.regione.campania.it\/fr\/wp-json\/wp\/v2\/users\/2"}],"replies":[{"embeddable":true,"href":"https:\/\/europa.regione.campania.it\/fr\/wp-json\/wp\/v2\/comments?post=9396"}],"version-history":[{"count":1,"href":"https:\/\/europa.regione.campania.it\/fr\/wp-json\/wp\/v2\/pages\/9396\/revisions"}],"predecessor-version":[{"id":9397,"href":"https:\/\/europa.regione.campania.it\/fr\/wp-json\/wp\/v2\/pages\/9396\/revisions\/9397"}],"wp:attachment":[{"href":"https:\/\/europa.regione.campania.it\/fr\/wp-json\/wp\/v2\/media?parent=9396"}],"curies":[{"name":"wp","href":"https:\/\/api.w.org\/{rel}","templated":true}]}}